{"id":516,"date":"2023-08-08T19:04:18","date_gmt":"2023-08-08T17:04:18","guid":{"rendered":"https:\/\/lansagard.se\/?page_id=516"},"modified":"2026-02-24T13:16:27","modified_gmt":"2026-02-24T11:16:27","slug":"sjostugan-aurgrunn","status":"publish","type":"page","link":"https:\/\/lansagard.se\/?page_id=516","title":{"rendered":"Sj\u00f6stugan Aurgrunn"},"content":{"rendered":"<div data-colibri-id=\"516-c1\" class=\"style-1287 style-local-516-c1 position-relative\">\n  <!---->\n  <div data-colibri-component=\"section\" data-colibri-id=\"516-c2\" id=\"custom\" class=\"h-section h-section-global-spacing d-flex align-items-lg-center align-items-md-center align-items-center style-1288 style-local-516-c2 position-relative\">\n    <!---->\n    <!---->\n    <div class=\"h-section-grid-container h-section-boxed-container\">\n      <!---->\n      <div data-colibri-id=\"516-c3\" class=\"h-row-container gutters-row-lg-2 gutters-row-md-2 gutters-row-0 gutters-row-v-lg-2 gutters-row-v-md-2 gutters-row-v-2 style-1291 style-local-516-c3 position-relative\">\n        <!---->\n        <div class=\"h-row justify-content-lg-center justify-content-md-center justify-content-center align-items-lg-stretch align-items-md-stretch align-items-stretch gutters-col-lg-2 gutters-col-md-2 gutters-col-0 gutters-col-v-lg-2 gutters-col-v-md-2 gutters-col-v-2\">\n          <!---->\n          <div class=\"h-column h-column-container d-flex h-col-lg-auto h-col-md-auto h-col-auto style-1292-outer style-local-516-c4-outer\">\n            <div data-colibri-id=\"516-c4\" class=\"d-flex h-flex-basis h-column__inner h-px-lg-2 h-px-md-2 h-px-2 v-inner-lg-2 v-inner-md-2 v-inner-2 style-1292 style-local-516-c4 position-relative\">\n              <!---->\n              <!---->\n              <div class=\"w-100 h-y-container h-column__content h-column__v-align flex-basis-100 align-self-lg-start align-self-md-start align-self-start\">\n                <!---->\n                <div data-colibri-id=\"516-c5\" class=\"h-global-transition-all h-heading style-1293 style-local-516-c5 position-relative h-element\">\n                  <!---->\n                  <div class=\"h-heading__outer style-1293 style-local-516-c5\">\n                    <!---->\n                    <!---->\n                    <h1 class=\"\">Sj\u00f6stugan Aurgrunn\n                      <br>\n                    <\/h1>\n                  <\/div>\n                <\/div>\n                <div data-colibri-id=\"516-c6\" class=\"h-text h-text-component style-1576 style-local-516-c6 position-relative h-element\">\n                  <!---->\n                  <!---->\n                  <div class=\"\">\n                    <p><span style=\"font-weight: 600; color: rgb(23, 37, 42); font-size: 16px; font-family: &quot;Open Sans&quot;;\">Sommaren 2026 har vi ledigt vecka 22 och 26. V\u00e4lkommen med din bokning.<\/span>\n                      <br>\n                    <\/p>\n                  <\/div>\n                <\/div>\n                <div data-colibri-id=\"516-c7\" class=\"d-block style-1294 style-local-516-c7 position-relative h-element\">\n                  <!---->\n                  <div class=\"h-image__frame-container-outer\">\n                    <div class=\"h-image__frame-container\">\n                      <!---->\n                      <!---->\n                      <img decoding=\"async\" width=\"2560\" height=\"1920\" data-src=\"http:\/\/lansagard.se\/wp-content\/uploads\/2023\/12\/received_679844490736271-scaled.jpeg\" class=\"wp-image-1827 style-1294-image style-local-516-c7-image lazyload\" alt=\"\" data-srcset=\"https:\/\/lansagard.se\/wp-content\/uploads\/2023\/12\/received_679844490736271-scaled.jpeg 2560w, https:\/\/lansagard.se\/wp-content\/uploads\/2023\/12\/received_679844490736271-300x225.jpeg 300w, https:\/\/lansagard.se\/wp-content\/uploads\/2023\/12\/received_679844490736271-1024x768.jpeg 1024w, https:\/\/lansagard.se\/wp-content\/uploads\/2023\/12\/received_679844490736271-768x576.jpeg 768w, https:\/\/lansagard.se\/wp-content\/uploads\/2023\/12\/received_679844490736271-1536x1152.jpeg 1536w, https:\/\/lansagard.se\/wp-content\/uploads\/2023\/12\/received_679844490736271-2048x1536.jpeg 2048w\" data-sizes=\"(max-width: 2560px) 100vw, 2560px\" src=\"data:image\/svg+xml;base64,PHN2ZyB3aWR0aD0iMSIgaGVpZ2h0PSIxIiB4bWxucz0iaHR0cDovL3d3dy53My5vcmcvMjAwMC9zdmciPjwvc3ZnPg==\" style=\"--smush-placeholder-width: 2560px; --smush-placeholder-aspect-ratio: 2560\/1920;\" \/>\n                      <div class=\"h-image__frame h-hide-lg h-hide-md h-hide-sm style-1294-frameImage style-local-516-c7-frameImage\"><\/div>\n                    <\/div>\n                  <\/div>\n                <\/div>\n                <div data-colibri-id=\"516-c8\" class=\"h-text h-text-component style-1295 style-local-516-c8 position-relative h-element\">\n                  <!---->\n                  <!---->\n                  <div class=\"\">\n                    <p><span style=\"font-weight: 600; font-size: 16px; font-family: &quot;Open Sans&quot;; color: rgb(23, 37, 42);\">Tr\u00e4stuga p\u00e5 ca 25 kvm med plats upp till 2 personer. Stugan ligger vackert p\u00e5 F\u00e5r\u00f6s v\u00e4stra strand, med fantastisk utsikt \u00f6ver \u00f6n Aurgrunn. H\u00e4r kan du uppleva fantastiska solnedg\u00e5ngar \u00f6ver havet samt ett rikt djurliv inp\u00e5 husknuten. Precis utanf\u00f6r stugan finns det str\u00e4nder och stigar f\u00f6r sk\u00f6na promenader \u00f6ver ett s\u00e4reget landskap med sm\u00e5 raukar och \u00e4ngen.<\/span><\/p>\n                  <\/div>\n                <\/div>\n                <div data-colibri-id=\"516-c9\" class=\"h-row-container gutters-row-lg-2 gutters-row-md-2 gutters-row-0 gutters-row-v-lg-2 gutters-row-v-md-2 gutters-row-v-2 style-1296 style-local-516-c9 position-relative\">\n                  <!---->\n                  <div class=\"h-row justify-content-lg-center justify-content-md-center justify-content-center align-items-lg-stretch align-items-md-stretch align-items-stretch gutters-col-lg-2 gutters-col-md-2 gutters-col-0 gutters-col-v-lg-2 gutters-col-v-md-2 gutters-col-v-2\">\n                    <!---->\n                    <div class=\"h-column h-column-container d-flex h-col-lg-auto h-col-md-auto h-col-auto style-1297-outer style-local-516-c10-outer\">\n                      <div data-colibri-id=\"516-c10\" class=\"d-flex h-flex-basis h-column__inner h-px-lg-2 h-px-md-2 h-px-2 v-inner-lg-2 v-inner-md-2 v-inner-2 style-1297 style-local-516-c10 position-relative\">\n                        <!---->\n                        <!---->\n                        <div class=\"w-100 h-y-container h-column__content h-column__v-align flex-basis-100 align-self-lg-start align-self-md-start align-self-start\">\n                          <!---->\n                          <div data-colibri-id=\"516-c11\" class=\"d-block style-1299 style-local-516-c11 position-relative h-element\">\n                            <!---->\n                            <div class=\"h-image__frame-container-outer\">\n                              <div class=\"h-image__frame-container\">\n                                <!---->\n                                <!---->\n                                <img decoding=\"async\" width=\"2048\" height=\"1536\" data-src=\"http:\/\/lansagard.se\/wp-content\/uploads\/2023\/08\/364389632_1357787081812735_5735876548162410960_n.jpg\" class=\"wp-image-830 style-1299-image style-local-516-c11-image lazyload\" alt=\"\" data-srcset=\"https:\/\/lansagard.se\/wp-content\/uploads\/2023\/08\/364389632_1357787081812735_5735876548162410960_n.jpg 2048w, https:\/\/lansagard.se\/wp-content\/uploads\/2023\/08\/364389632_1357787081812735_5735876548162410960_n-300x225.jpg 300w, https:\/\/lansagard.se\/wp-content\/uploads\/2023\/08\/364389632_1357787081812735_5735876548162410960_n-1024x768.jpg 1024w, https:\/\/lansagard.se\/wp-content\/uploads\/2023\/08\/364389632_1357787081812735_5735876548162410960_n-768x576.jpg 768w, https:\/\/lansagard.se\/wp-content\/uploads\/2023\/08\/364389632_1357787081812735_5735876548162410960_n-1536x1152.jpg 1536w\" data-sizes=\"(max-width: 2048px) 100vw, 2048px\" src=\"data:image\/svg+xml;base64,PHN2ZyB3aWR0aD0iMSIgaGVpZ2h0PSIxIiB4bWxucz0iaHR0cDovL3d3dy53My5vcmcvMjAwMC9zdmciPjwvc3ZnPg==\" style=\"--smush-placeholder-width: 2048px; --smush-placeholder-aspect-ratio: 2048\/1536;\" \/>\n                                <div class=\"h-image__frame h-hide-lg h-hide-md h-hide-sm style-1299-frameImage style-local-516-c11-frameImage\"><\/div>\n                              <\/div>\n                            <\/div>\n                          <\/div>\n                          <div data-colibri-id=\"516-c12\" class=\"h-text h-text-component style-1301 style-local-516-c12 position-relative h-element\">\n                            <!---->\n                            <!---->\n                            <div class=\"\">\n                              <p>Enklare k\u00f6ksdel.<\/p>\n                            <\/div>\n                          <\/div>\n                          <div data-colibri-id=\"516-c13\" class=\"h-divider style-1304 style-local-516-c13 position-relative h-element\">\n                            <!----><span class=\"h-divider__line style-1304-line style-local-516-c13-line style-1304-line style-local-516-c13-line\"><\/span><\/div>\n                          <div data-colibri-id=\"516-c14\" class=\"d-block style-1307 style-local-516-c14 position-relative h-element\">\n                            <!---->\n                            <div class=\"h-image__frame-container-outer\">\n                              <div class=\"h-image__frame-container\">\n                                <!---->\n                                <!---->\n                                <img decoding=\"async\" width=\"2048\" height=\"1536\" data-src=\"http:\/\/lansagard.se\/wp-content\/uploads\/2023\/08\/277727616_1024563618418285_1773041125921473458_n.jpg\" class=\"wp-image-832 style-1307-image style-local-516-c14-image lazyload\" alt=\"\" data-srcset=\"https:\/\/lansagard.se\/wp-content\/uploads\/2023\/08\/277727616_1024563618418285_1773041125921473458_n.jpg 2048w, https:\/\/lansagard.se\/wp-content\/uploads\/2023\/08\/277727616_1024563618418285_1773041125921473458_n-300x225.jpg 300w, https:\/\/lansagard.se\/wp-content\/uploads\/2023\/08\/277727616_1024563618418285_1773041125921473458_n-1024x768.jpg 1024w, https:\/\/lansagard.se\/wp-content\/uploads\/2023\/08\/277727616_1024563618418285_1773041125921473458_n-768x576.jpg 768w, https:\/\/lansagard.se\/wp-content\/uploads\/2023\/08\/277727616_1024563618418285_1773041125921473458_n-1536x1152.jpg 1536w\" data-sizes=\"(max-width: 2048px) 100vw, 2048px\" src=\"data:image\/svg+xml;base64,PHN2ZyB3aWR0aD0iMSIgaGVpZ2h0PSIxIiB4bWxucz0iaHR0cDovL3d3dy53My5vcmcvMjAwMC9zdmciPjwvc3ZnPg==\" style=\"--smush-placeholder-width: 2048px; --smush-placeholder-aspect-ratio: 2048\/1536;\" \/>\n                                <div class=\"h-image__frame h-hide-lg h-hide-md h-hide-sm style-1307-frameImage style-local-516-c14-frameImage\"><\/div>\n                              <\/div>\n                            <\/div>\n                          <\/div>\n                          <div data-colibri-id=\"516-c15\" class=\"h-text h-text-component style-1309 style-local-516-c15 position-relative h-element\">\n                            <!---->\n                            <!---->\n                            <div class=\"\">\n                              <p>Sovalkov med dubbels\u00e4ng.<\/p>\n                            <\/div>\n                          <\/div>\n                          <div data-colibri-id=\"516-c16\" class=\"h-divider style-1312 style-local-516-c16 position-relative h-element\">\n                            <!----><span class=\"h-divider__line style-1312-line style-local-516-c16-line style-1312-line style-local-516-c16-line\"><\/span><\/div>\n                        <\/div>\n                      <\/div>\n                    <\/div>\n                    <div class=\"h-column h-column-container d-flex h-col-lg-auto h-col-md-auto h-col-auto style-1298-outer style-local-516-c17-outer\">\n                      <div data-colibri-id=\"516-c17\" class=\"d-flex h-flex-basis h-column__inner h-px-lg-2 h-px-md-2 h-px-2 v-inner-lg-2 v-inner-md-2 v-inner-2 style-1298 style-local-516-c17 position-relative\">\n                        <!---->\n                        <!---->\n                        <div class=\"w-100 h-y-container h-column__content h-column__v-align flex-basis-100 align-self-lg-start align-self-md-start align-self-start\">\n                          <!---->\n                          <div data-colibri-id=\"516-c18\" class=\"d-block style-1300 style-local-516-c18 position-relative h-element\">\n                            <!---->\n                            <div class=\"h-image__frame-container-outer\">\n                              <div class=\"h-image__frame-container\">\n                                <!---->\n                                <!---->\n                                <img decoding=\"async\" width=\"1536\" height=\"2048\" data-src=\"http:\/\/lansagard.se\/wp-content\/uploads\/2023\/08\/277453949_1076413852936718_3670933060063544915_n.jpg\" class=\"wp-image-833 style-1300-image style-local-516-c18-image lazyload\" alt=\"\" data-srcset=\"https:\/\/lansagard.se\/wp-content\/uploads\/2023\/08\/277453949_1076413852936718_3670933060063544915_n.jpg 1536w, https:\/\/lansagard.se\/wp-content\/uploads\/2023\/08\/277453949_1076413852936718_3670933060063544915_n-225x300.jpg 225w, https:\/\/lansagard.se\/wp-content\/uploads\/2023\/08\/277453949_1076413852936718_3670933060063544915_n-768x1024.jpg 768w, https:\/\/lansagard.se\/wp-content\/uploads\/2023\/08\/277453949_1076413852936718_3670933060063544915_n-1152x1536.jpg 1152w\" data-sizes=\"(max-width: 1536px) 100vw, 1536px\" src=\"data:image\/svg+xml;base64,PHN2ZyB3aWR0aD0iMSIgaGVpZ2h0PSIxIiB4bWxucz0iaHR0cDovL3d3dy53My5vcmcvMjAwMC9zdmciPjwvc3ZnPg==\" style=\"--smush-placeholder-width: 1536px; --smush-placeholder-aspect-ratio: 1536\/2048;\" \/>\n                                <div class=\"h-image__frame h-hide-lg h-hide-md h-hide-sm style-1300-frameImage style-local-516-c18-frameImage\"><\/div>\n                              <\/div>\n                            <\/div>\n                          <\/div>\n                          <div data-colibri-id=\"516-c19\" class=\"h-text h-text-component style-1302 style-local-516-c19 position-relative h-element\">\n                            <!---->\n                            <!---->\n                            <div class=\"\">\n                              <p>F\u00f6rbr\u00e4nningstoalett.<\/p>\n                            <\/div>\n                          <\/div>\n                          <div data-colibri-id=\"516-c20\" class=\"h-divider style-1328 style-local-516-c20 position-relative h-element\">\n                            <!----><span class=\"h-divider__line style-1328-line style-local-516-c20-line style-1328-line style-local-516-c20-line\"><\/span><\/div>\n                        <\/div>\n                      <\/div>\n                    <\/div>\n                  <\/div>\n                <\/div>\n                <div data-colibri-id=\"516-c21\" class=\"h-text h-text-component style-1313 style-local-516-c21 position-relative h-element\">\n                  <!---->\n                  <!---->\n                  <div class=\"\">\n                    <ul>\n                      <li>Utrustad f\u00f6r sj\u00e4lvhush\u00e5ll d\u00e4r stugan har en \u00f6ppen planl\u00f6sning med dubbels\u00e4ng (140cm), k\u00f6ksbord med 2 stolar, liten k\u00f6kdsdel med enklare matlagningsm\u00f6jligheter best\u00e5ende av 2 kokplattor, kaffebryggare, vattenkokare, enkel upps\u00e4ttning\n                        porslin\/husger\u00e5d samt en mindre frys\/kyl.<\/li>\n                      <li>Toalettrum med f\u00f6rbr\u00e4nningstoalett.<\/li>\n                      <li>Stugan \u00e4r utrustad med elstr\u00f6m<\/li>\n                      <li>Kallvattenkran och diskm\u00f6jligheter p\u00e5 utsidan av stugan.<\/li>\n                      <li>Utrustad med utem\u00f6bler, 2 stolar litet bord och grill.&nbsp;<\/li>\n                      <li>R\u00f6kfritt, ej husdjur.<\/li>\n                    <\/ul>\n                    <p>\n                      <br>\n                    <\/p>\n                  <\/div>\n                <\/div>\n              <\/div>\n            <\/div>\n          <\/div>\n        <\/div>\n      <\/div>\n      <div data-colibri-id=\"516-c22\" class=\"h-row-container gutters-row-lg-0 gutters-row-md-0 gutters-row-0 gutters-row-v-lg-0 gutters-row-v-md-0 gutters-row-v-0 style-1414 style-local-516-c22 position-relative\">\n        <!---->\n        <div class=\"h-row justify-content-lg-center justify-content-md-center justify-content-center align-items-lg-stretch align-items-md-stretch align-items-stretch gutters-col-lg-0 gutters-col-md-0 gutters-col-0 gutters-col-v-lg-0 gutters-col-v-md-0 gutters-col-v-0\">\n          <!---->\n          <div class=\"h-column h-column-container d-flex h-col-lg-auto h-col-md-auto h-col-auto style-1415-outer style-local-516-c23-outer\">\n            <div data-colibri-id=\"516-c23\" class=\"d-flex h-flex-basis h-column__inner h-px-lg-0 h-px-md-0 h-px-0 v-inner-lg-0 v-inner-md-0 v-inner-0 style-1415 style-local-516-c23 position-relative\">\n              <!---->\n              <!---->\n              <div class=\"w-100 h-y-container h-column__content h-column__v-align flex-basis-100 align-self-lg-start align-self-md-start align-self-start\">\n                <!---->\n                <div data-colibri-id=\"516-c24\" class=\"h-x-container style-1416 style-local-516-c24 position-relative h-element\">\n                  <!---->\n                  <div class=\"h-x-container-inner style-dynamic-516-c24-group style-1416-spacing style-local-516-c24-spacing\"><span class=\"h-button__outer style-1417-outer style-local-516-c25-outer d-inline-flex h-element\"><a h-use-smooth-scroll=\"true\" href=\"https:\/\/lansagard.se\/?page_id=1114\"  data-colibri-id=\"516-c25\" class=\"d-flex w-100 align-items-center h-button justify-content-lg-center justify-content-md-center justify-content-center style-1417 style-local-516-c25 position-relative\"><!----><!----> <span>Klicka h\u00e4r f\u00f6r att kontakta oss<\/span><\/a>\n                    <\/span>\n                  <\/div>\n                <\/div>\n              <\/div>\n            <\/div>\n          <\/div>\n        <\/div>\n      <\/div>\n      <div data-colibri-id=\"516-c26\" class=\"h-row-container gutters-row-lg-2 gutters-row-md-2 gutters-row-0 gutters-row-v-lg-2 gutters-row-v-md-2 gutters-row-v-2 style-1314 style-local-516-c26 position-relative\">\n        <!---->\n        <div class=\"h-row justify-content-lg-center justify-content-md-center justify-content-center align-items-lg-stretch align-items-md-stretch align-items-stretch gutters-col-lg-2 gutters-col-md-2 gutters-col-0 gutters-col-v-lg-2 gutters-col-v-md-2 gutters-col-v-2\">\n          <!---->\n          <div class=\"h-column h-column-container d-flex h-col-lg-auto h-col-md-auto h-col-auto style-1315-outer style-local-516-c27-outer\">\n            <div data-colibri-id=\"516-c27\" class=\"d-flex h-flex-basis h-column__inner h-px-lg-2 h-px-md-2 h-px-2 v-inner-lg-2 v-inner-md-2 v-inner-2 style-1315 style-local-516-c27 position-relative\">\n              <!---->\n              <!---->\n              <div class=\"w-100 h-y-container h-column__content h-column__v-align flex-basis-100 align-self-lg-start align-self-md-start align-self-start\">\n                <!---->\n                <div data-colibri-id=\"516-c28\" class=\"h-divider style-1419 style-local-516-c28 position-relative h-element\">\n                  <!----><span class=\"h-divider__line style-1419-line style-local-516-c28-line style-1419-line style-local-516-c28-line\"><\/span><\/div>\n                <div data-colibri-id=\"516-c29\" class=\"h-global-transition-all h-heading style-1316 style-local-516-c29 position-relative h-element\">\n                  <!---->\n                  <div class=\"h-heading__outer style-1316 style-local-516-c29\">\n                    <!---->\n                    <!---->\n                    <h1 class=\"\">Prislista 2026<\/h1>\n                  <\/div>\n                <\/div>\n                <div data-colibri-id=\"516-c30\" class=\"h-text h-text-component style-1317 style-local-516-c30 position-relative h-element\">\n                  <!---->\n                  <!---->\n                  <div class=\"\">\n                    <p><span style=\"font-weight: 400; font-size: 25px; font-family: &quot;Open Sans&quot;; color: rgb(23, 37, 42);\">Sj\u00f6stugan Aurgrunn<\/span><\/p>\n                  <\/div>\n                <\/div>\n              <\/div>\n            <\/div>\n          <\/div>\n        <\/div>\n      <\/div>\n      <div data-colibri-id=\"516-c31\" class=\"h-row-container gutters-row-lg-2 gutters-row-md-2 gutters-row-0 gutters-row-v-lg-2 gutters-row-v-md-2 gutters-row-v-2 style-1572 style-local-516-c31 position-relative\">\n        <!---->\n        <div class=\"h-row justify-content-lg-center justify-content-md-center justify-content-center align-items-lg-stretch align-items-md-stretch align-items-stretch gutters-col-lg-2 gutters-col-md-2 gutters-col-0 gutters-col-v-lg-2 gutters-col-v-md-2 gutters-col-v-2\">\n          <!---->\n          <div class=\"h-column h-column-container d-flex h-col-lg-auto h-col-md-auto h-col-auto style-1573-outer style-local-516-c32-outer\">\n            <div data-colibri-id=\"516-c32\" class=\"d-flex h-flex-basis h-column__inner h-px-lg-2 h-px-md-2 h-px-2 v-inner-lg-2 v-inner-md-2 v-inner-2 style-1573 style-local-516-c32 position-relative\">\n              <!---->\n              <!---->\n              <div class=\"w-100 h-y-container h-column__content h-column__v-align flex-basis-100 align-self-lg-start align-self-md-start align-self-start\">\n                <!---->\n                <div data-colibri-id=\"516-c33\" class=\"h-text h-text-component style-1318 style-local-516-c33 position-relative h-element\">\n                  <!---->\n                  <!---->\n                  <div class=\"\">\n                    <p><span style=\"font-family: &quot;Open Sans&quot;; font-size: 16px; font-weight: 600; color: rgb(23, 37, 42);\">Vi h\u00e5ller Sj\u00f6stugan Aurgrunn \u00f6ppen f\u00f6r uthyrning&nbsp;v.22 &#8211; v.36, hyrs ut veckovis med byte p\u00e5 s\u00f6ndagar.<\/span>\n                      <br><span style=\"font-family: &quot;Open Sans&quot;; font-size: 16px; font-weight: 600; color: rgb(23, 37, 42);\">v.22 till 24 &#8211;&nbsp;4000 sek\/vecka<\/span>\n                      <br><span style=\"font-family: &quot;Open Sans&quot;; font-size: 16px; font-weight: 600; color: rgb(23, 37, 42);\">v.25 till v.27 &#8211; 5000 sek\/vecka<\/span>\n                      <br><span style=\"font-family: &quot;Open Sans&quot;; font-size: 16px; font-weight: 600; color: rgb(23, 37, 42);\">v.28 till v.31 &#8211; 6500 sek\/vecka<\/span>\n                      <br><span style=\"font-family: &quot;Open Sans&quot;; font-size: 16px; font-weight: 600; color: rgb(23, 37, 42);\">v.32 &amp; v.33 &#8211; 5000 sek\/vecka<\/span>\n                      <br><span style=\"font-family: &quot;Open Sans&quot;; font-size: 16px; font-weight: 600; color: rgb(23, 37, 42);\">v.34 till v.36 &#8211; 4000 sek\/vecka<\/span>\n                      <br><span style=\"font-weight: 600; font-size: 16px; font-family: &quot;Open Sans&quot;; color: rgb(23, 37, 42);\">S\u00e4nglinne och slutst\u00e4dning kan best\u00e4llas.<\/span>\n                      <br>\n                    <\/p>\n                  <\/div>\n                <\/div>\n              <\/div>\n            <\/div>\n          <\/div>\n        <\/div>\n      <\/div>\n    <\/div>\n  <\/div>\n<\/div>","protected":false},"excerpt":{"rendered":"<p>Sj\u00f6stugan Aurgrunn Sommaren 2026 har vi ledigt vecka 22 och 26. V\u00e4lkommen med din bokning. Tr\u00e4stuga p\u00e5 ca 25 kvm med plats upp till 2 personer. Stugan ligger vackert p\u00e5 F\u00e5r\u00f6s v\u00e4stra strand, med fantastisk utsikt \u00f6ver \u00f6n Aurgrunn. H\u00e4r kan du uppleva fantastiska solnedg\u00e5ngar \u00f6ver havet samt ett rikt djurliv inp\u00e5 husknuten. Precis utanf\u00f6r [&hellip;]<\/p>\n","protected":false},"author":1,"featured_media":0,"parent":0,"menu_order":0,"comment_status":"closed","ping_status":"closed","template":"page-templates\/full-width-page.php","meta":{"footnotes":""},"class_list":["post-516","page","type-page","status-publish","hentry"],"_links":{"self":[{"href":"https:\/\/lansagard.se\/index.php?rest_route=\/wp\/v2\/pages\/516","targetHints":{"allow":["GET"]}}],"collection":[{"href":"https:\/\/lansagard.se\/index.php?rest_route=\/wp\/v2\/pages"}],"about":[{"href":"https:\/\/lansagard.se\/index.php?rest_route=\/wp\/v2\/types\/page"}],"author":[{"embeddable":true,"href":"https:\/\/lansagard.se\/index.php?rest_route=\/wp\/v2\/users\/1"}],"replies":[{"embeddable":true,"href":"https:\/\/lansagard.se\/index.php?rest_route=%2Fwp%2Fv2%2Fcomments&post=516"}],"version-history":[{"count":20,"href":"https:\/\/lansagard.se\/index.php?rest_route=\/wp\/v2\/pages\/516\/revisions"}],"predecessor-version":[{"id":3170,"href":"https:\/\/lansagard.se\/index.php?rest_route=\/wp\/v2\/pages\/516\/revisions\/3170"}],"wp:attachment":[{"href":"https:\/\/lansagard.se\/index.php?rest_route=%2Fwp%2Fv2%2Fmedia&parent=516"}],"curies":[{"name":"wp","href":"https:\/\/api.w.org\/{rel}","templated":true}]}}